{"id":8974,"date":"2019-04-25T13:47:20","date_gmt":"2016-04-30T14:53:30","guid":{"rendered":"https:\/\/www.dilea.be\/nl\/?post_type=product&#038;p=8974&#038;lang=nl"},"modified":"2022-02-28T19:45:42","modified_gmt":"2022-02-28T18:45:42","slug":"lactosevrije-yoghurt-griekse-wijze-natuur","status":"publish","type":"product","link":"https:\/\/dilea.be\/nl\/product\/lactosevrije-yoghurt-griekse-wijze-natuur\/","title":{"rendered":"Lactosevrij yoghurt op Griekse wijze &#8211; natuur"},"content":{"rendered":"\n<p>Eindelijk is het zover: Dilea stelt zijn lactosevrij yoghurt op Griekse wijze voor, smaak natuur gesuikerd en&nbsp;<strong>buitengewoon smeu\u00efg<\/strong>!<\/p>\n\n\n\n<p>Zoals altijd staan de producten van Dilea Zero Lactose garant voor&nbsp;<strong>0&nbsp;% lactose&nbsp;<\/strong>en dus een vlotte vertering.<\/p>\n\n\n\n<p class=\"has-pink-color has-text-color has-h-4-font-size\">ABEen licht gesuikerde yoghurt op Griekse wijze<\/p>\n\n\n\n<p>De nieuwe lactosevrij yoghurt op Griekse wijze is beschikbaar in een&nbsp;<strong>natuur gesuikerde versie<\/strong>. De fermenten schenken de yoghurt&nbsp;<strong>alle weldaden<\/strong>&nbsp;van klassieke Griekse yoghurtproducten.<\/p>\n\n\n\n<p>Maar de yoghurt op Griekse wijze van Dilea bevat minder suiker dan de meeste natuur gesuikerde yoghurtproducten in de rekken van Belgische supermarkten (9,1&nbsp;% suiker bij Dilea, tegenover een gemiddelde van 12,3&nbsp;% \u2013 bron: Internubel).<\/p>\n\n\n\n<p class=\"has-pink-color has-text-color has-h-4-font-size\"><strong>Duizend en \u00e9\u00e9n idee\u00ebn voor smeu\u00efg smulplezier<\/strong><\/p>\n\n\n\n<p>Ideaal voor een geslaagd&nbsp;<strong>ontbijt<\/strong>, precies zoals jij het wil. Start je dag met&nbsp;<strong>een kom lactosevrij yoghurt op Griekse wijze<\/strong>, stukjes vers fruit (aardbei, ananas, bosbes, banaan, peer&nbsp;\u2026), zaden of pitten (chia- of lijnzaad, pijnboom- of pompoenpitten), noten (amandelen, pecannoten, hazelnoten enz.) en\/of granola.<\/p>\n\n\n\n<p>Of wat dacht je van een milkshake, yoghurtcake of huisbereid ijsje? De yoghurt op Griekse wijze van Dilea is al gesuikerd. Je hoeft dus helemaal geen suiker meer toe te voegen aan je&nbsp;<strong>heerlijk romige en lekker lichte culinaire creaties<\/strong>.<\/p>\n\n\n\n<p>Je vindt onze smeu\u00efge yoghurt op Griekse wijze in de supermarkt, in pakjes van 4 x 90&nbsp;g.<\/p>\n","protected":false},"excerpt":{"rendered":"<p>Eindelijk is het zover: Dilea stelt zijn lactosevrij yoghurt op Griekse wijze voor, smaak natuur gesuikerd en&nbsp;buitengewoon smeu\u00efg! Zoals altijd staan de producten van Dilea Zero Lactose garant voor&nbsp;0&nbsp;% lactose&nbsp;en dus een vlotte vertering. ABEen licht gesuikerde yoghurt op Griekse wijze De nieuwe lactosevrij yoghurt op Griekse wijze is beschikbaar in een&nbsp;natuur gesuikerde versie. De [&hellip;]<\/p>\n","protected":false},"featured_media":29211,"comment_status":"open","ping_status":"closed","template":"","meta":{"_acf_changed":false,"_monsterinsights_skip_tracking":false,"_monsterinsights_sitenote_active":false,"_monsterinsights_sitenote_note":"","_monsterinsights_sitenote_category":0},"product_brand":[],"product_cat":[45],"product_tag":[200],"class_list":{"0":"post-8974","1":"product","2":"type-product","3":"status-publish","4":"has-post-thumbnail","6":"product_cat-yoghurt-en-desserts","7":"product_tag-yoghurt-natuur","9":"first","10":"instock","11":"shipping-taxable","12":"product-type-simple"},"acf":[],"yoast_head":"<!-- This site is optimized with the Yoast SEO plugin v26.2 - https:\/\/yoast.com\/wordpress\/plugins\/seo\/ -->\n<title>Lactosevrij yoghurt op Griekse wijze - natuur | Dilea Zero Lactose<\/title>\n<meta name=\"description\" content=\"Eindelijk is het zover: Dilea stelt zijn lactosevrije yoghurt op Griekse wijze voor, smaak natuur gesuikerd en buitengewoon smeu\u00efg!\" \/>\n<meta name=\"robots\" content=\"index, follow, max-snippet:-1, max-image-preview:large, max-video-preview:-1\" \/>\n<link rel=\"canonical\" href=\"https:\/\/dilea.be\/nl\/product\/lactosevrije-yoghurt-griekse-wijze-natuur\/\" \/>\n<meta property=\"og:locale\" content=\"nl_NL\" \/>\n<meta property=\"og:type\" content=\"article\" \/>\n<meta property=\"og:title\" content=\"Lactosevrij yoghurt op Griekse wijze - natuur | Dilea Zero Lactose\" \/>\n<meta property=\"og:description\" content=\"Eindelijk is het zover: Dilea stelt zijn lactosevrije yoghurt op Griekse wijze voor, smaak natuur gesuikerd en buitengewoon smeu\u00efg!\" \/>\n<meta property=\"og:url\" content=\"https:\/\/dilea.be\/nl\/product\/lactosevrije-yoghurt-griekse-wijze-natuur\/\" \/>\n<meta property=\"og:site_name\" content=\"Dilea Zero Lactose\" \/>\n<meta property=\"article:publisher\" content=\"https:\/\/www.facebook.com\/DileaBelgium\/\" \/>\n<meta property=\"article:modified_time\" content=\"2022-02-28T18:45:42+00:00\" \/>\n<meta property=\"og:image\" content=\"https:\/\/dilea.be\/app\/uploads\/2019\/04\/product-_0000s_0018_Groupe-23.png\" \/>\n\t<meta property=\"og:image:width\" content=\"750\" \/>\n\t<meta property=\"og:image:height\" content=\"750\" \/>\n\t<meta property=\"og:image:type\" content=\"image\/png\" \/>\n<meta name=\"twitter:card\" content=\"summary_large_image\" \/>\n<meta name=\"twitter:label1\" content=\"Est. reading time\" \/>\n\t<meta name=\"twitter:data1\" content=\"2 minutes\" \/>\n<script type=\"application\/ld+json\" class=\"yoast-schema-graph\">{\"@context\":\"https:\/\/schema.org\",\"@graph\":[{\"@type\":\"WebPage\",\"@id\":\"https:\/\/dilea.be\/nl\/product\/lactosevrije-yoghurt-griekse-wijze-natuur\/\",\"url\":\"https:\/\/dilea.be\/nl\/product\/lactosevrije-yoghurt-griekse-wijze-natuur\/\",\"name\":\"Lactosevrij yoghurt op Griekse wijze - natuur | Dilea Zero Lactose\",\"isPartOf\":{\"@id\":\"https:\/\/dilea.be\/nl\/#website\"},\"primaryImageOfPage\":{\"@id\":\"https:\/\/dilea.be\/nl\/product\/lactosevrije-yoghurt-griekse-wijze-natuur\/#primaryimage\"},\"image\":{\"@id\":\"https:\/\/dilea.be\/nl\/product\/lactosevrije-yoghurt-griekse-wijze-natuur\/#primaryimage\"},\"thumbnailUrl\":\"https:\/\/dilea.be\/app\/uploads\/2019\/04\/product-_0000s_0018_Groupe-23.png\",\"datePublished\":\"2016-04-30T14:53:30+00:00\",\"dateModified\":\"2022-02-28T18:45:42+00:00\",\"description\":\"Eindelijk is het zover: Dilea stelt zijn lactosevrije yoghurt op Griekse wijze voor, smaak natuur gesuikerd en buitengewoon smeu\u00efg!\",\"breadcrumb\":{\"@id\":\"https:\/\/dilea.be\/nl\/product\/lactosevrije-yoghurt-griekse-wijze-natuur\/#breadcrumb\"},\"inLanguage\":\"nl-NL\",\"potentialAction\":[{\"@type\":\"ReadAction\",\"target\":[\"https:\/\/dilea.be\/nl\/product\/lactosevrije-yoghurt-griekse-wijze-natuur\/\"]}]},{\"@type\":\"ImageObject\",\"inLanguage\":\"nl-NL\",\"@id\":\"https:\/\/dilea.be\/nl\/product\/lactosevrije-yoghurt-griekse-wijze-natuur\/#primaryimage\",\"url\":\"https:\/\/dilea.be\/app\/uploads\/2019\/04\/product-_0000s_0018_Groupe-23.png\",\"contentUrl\":\"https:\/\/dilea.be\/app\/uploads\/2019\/04\/product-_0000s_0018_Groupe-23.png\",\"width\":750,\"height\":750},{\"@type\":\"BreadcrumbList\",\"@id\":\"https:\/\/dilea.be\/nl\/product\/lactosevrije-yoghurt-griekse-wijze-natuur\/#breadcrumb\",\"itemListElement\":[{\"@type\":\"ListItem\",\"position\":1,\"name\":\"Home\",\"item\":\"https:\/\/dilea.be\/nl\/\"},{\"@type\":\"ListItem\",\"position\":2,\"name\":\"Onze producten\",\"item\":\"https:\/\/dilea.be\/nl\/onze-producten\/\"},{\"@type\":\"ListItem\",\"position\":3,\"name\":\"Lactosevrij yoghurt op Griekse wijze &#8211; natuur\"}]},{\"@type\":\"WebSite\",\"@id\":\"https:\/\/dilea.be\/nl\/#website\",\"url\":\"https:\/\/dilea.be\/nl\/\",\"name\":\"Dilea Zero Lactose\",\"description\":\"\",\"publisher\":{\"@id\":\"https:\/\/dilea.be\/nl\/#organization\"},\"potentialAction\":[{\"@type\":\"SearchAction\",\"target\":{\"@type\":\"EntryPoint\",\"urlTemplate\":\"https:\/\/dilea.be\/nl\/?s={search_term_string}\"},\"query-input\":{\"@type\":\"PropertyValueSpecification\",\"valueRequired\":true,\"valueName\":\"search_term_string\"}}],\"inLanguage\":\"nl-NL\"},{\"@type\":\"Organization\",\"@id\":\"https:\/\/dilea.be\/nl\/#organization\",\"name\":\"Dilea Zero Lactose\",\"url\":\"https:\/\/dilea.be\/nl\/\",\"logo\":{\"@type\":\"ImageObject\",\"inLanguage\":\"nl-NL\",\"@id\":\"https:\/\/dilea.be\/nl\/#\/schema\/logo\/image\/\",\"url\":\"https:\/\/dilea.be\/app\/uploads\/2025\/01\/Logo.jpg\",\"contentUrl\":\"https:\/\/dilea.be\/app\/uploads\/2025\/01\/Logo.jpg\",\"width\":236,\"height\":183,\"caption\":\"Dilea Zero Lactose\"},\"image\":{\"@id\":\"https:\/\/dilea.be\/nl\/#\/schema\/logo\/image\/\"},\"sameAs\":[\"https:\/\/www.facebook.com\/DileaBelgium\/\",\"https:\/\/www.instagram.com\/dilea_zero_lactose\/\"]}]}<\/script>\n<!-- \/ Yoast SEO plugin. -->","yoast_head_json":{"title":"Lactosevrij yoghurt op Griekse wijze - natuur | Dilea Zero Lactose","description":"Eindelijk is het zover: Dilea stelt zijn lactosevrije yoghurt op Griekse wijze voor, smaak natuur gesuikerd en buitengewoon smeu\u00efg!","robots":{"index":"index","follow":"follow","max-snippet":"max-snippet:-1","max-image-preview":"max-image-preview:large","max-video-preview":"max-video-preview:-1"},"canonical":"https:\/\/dilea.be\/nl\/product\/lactosevrije-yoghurt-griekse-wijze-natuur\/","og_locale":"nl_NL","og_type":"article","og_title":"Lactosevrij yoghurt op Griekse wijze - natuur | Dilea Zero Lactose","og_description":"Eindelijk is het zover: Dilea stelt zijn lactosevrije yoghurt op Griekse wijze voor, smaak natuur gesuikerd en buitengewoon smeu\u00efg!","og_url":"https:\/\/dilea.be\/nl\/product\/lactosevrije-yoghurt-griekse-wijze-natuur\/","og_site_name":"Dilea Zero Lactose","article_publisher":"https:\/\/www.facebook.com\/DileaBelgium\/","article_modified_time":"2022-02-28T18:45:42+00:00","og_image":[{"width":750,"height":750,"url":"https:\/\/dilea.be\/app\/uploads\/2019\/04\/product-_0000s_0018_Groupe-23.png","type":"image\/png"}],"twitter_card":"summary_large_image","twitter_misc":{"Est. reading time":"2 minutes"},"schema":{"@context":"https:\/\/schema.org","@graph":[{"@type":"WebPage","@id":"https:\/\/dilea.be\/nl\/product\/lactosevrije-yoghurt-griekse-wijze-natuur\/","url":"https:\/\/dilea.be\/nl\/product\/lactosevrije-yoghurt-griekse-wijze-natuur\/","name":"Lactosevrij yoghurt op Griekse wijze - natuur | Dilea Zero Lactose","isPartOf":{"@id":"https:\/\/dilea.be\/nl\/#website"},"primaryImageOfPage":{"@id":"https:\/\/dilea.be\/nl\/product\/lactosevrije-yoghurt-griekse-wijze-natuur\/#primaryimage"},"image":{"@id":"https:\/\/dilea.be\/nl\/product\/lactosevrije-yoghurt-griekse-wijze-natuur\/#primaryimage"},"thumbnailUrl":"https:\/\/dilea.be\/app\/uploads\/2019\/04\/product-_0000s_0018_Groupe-23.png","datePublished":"2016-04-30T14:53:30+00:00","dateModified":"2022-02-28T18:45:42+00:00","description":"Eindelijk is het zover: Dilea stelt zijn lactosevrije yoghurt op Griekse wijze voor, smaak natuur gesuikerd en buitengewoon smeu\u00efg!","breadcrumb":{"@id":"https:\/\/dilea.be\/nl\/product\/lactosevrije-yoghurt-griekse-wijze-natuur\/#breadcrumb"},"inLanguage":"nl-NL","potentialAction":[{"@type":"ReadAction","target":["https:\/\/dilea.be\/nl\/product\/lactosevrije-yoghurt-griekse-wijze-natuur\/"]}]},{"@type":"ImageObject","inLanguage":"nl-NL","@id":"https:\/\/dilea.be\/nl\/product\/lactosevrije-yoghurt-griekse-wijze-natuur\/#primaryimage","url":"https:\/\/dilea.be\/app\/uploads\/2019\/04\/product-_0000s_0018_Groupe-23.png","contentUrl":"https:\/\/dilea.be\/app\/uploads\/2019\/04\/product-_0000s_0018_Groupe-23.png","width":750,"height":750},{"@type":"BreadcrumbList","@id":"https:\/\/dilea.be\/nl\/product\/lactosevrije-yoghurt-griekse-wijze-natuur\/#breadcrumb","itemListElement":[{"@type":"ListItem","position":1,"name":"Home","item":"https:\/\/dilea.be\/nl\/"},{"@type":"ListItem","position":2,"name":"Onze producten","item":"https:\/\/dilea.be\/nl\/onze-producten\/"},{"@type":"ListItem","position":3,"name":"Lactosevrij yoghurt op Griekse wijze &#8211; natuur"}]},{"@type":"WebSite","@id":"https:\/\/dilea.be\/nl\/#website","url":"https:\/\/dilea.be\/nl\/","name":"Dilea Zero Lactose","description":"","publisher":{"@id":"https:\/\/dilea.be\/nl\/#organization"},"potentialAction":[{"@type":"SearchAction","target":{"@type":"EntryPoint","urlTemplate":"https:\/\/dilea.be\/nl\/?s={search_term_string}"},"query-input":{"@type":"PropertyValueSpecification","valueRequired":true,"valueName":"search_term_string"}}],"inLanguage":"nl-NL"},{"@type":"Organization","@id":"https:\/\/dilea.be\/nl\/#organization","name":"Dilea Zero Lactose","url":"https:\/\/dilea.be\/nl\/","logo":{"@type":"ImageObject","inLanguage":"nl-NL","@id":"https:\/\/dilea.be\/nl\/#\/schema\/logo\/image\/","url":"https:\/\/dilea.be\/app\/uploads\/2025\/01\/Logo.jpg","contentUrl":"https:\/\/dilea.be\/app\/uploads\/2025\/01\/Logo.jpg","width":236,"height":183,"caption":"Dilea Zero Lactose"},"image":{"@id":"https:\/\/dilea.be\/nl\/#\/schema\/logo\/image\/"},"sameAs":["https:\/\/www.facebook.com\/DileaBelgium\/","https:\/\/www.instagram.com\/dilea_zero_lactose\/"]}]}},"_links":{"self":[{"href":"https:\/\/dilea.be\/nl\/wp-json\/wp\/v2\/product\/8974","targetHints":{"allow":["GET"]}}],"collection":[{"href":"https:\/\/dilea.be\/nl\/wp-json\/wp\/v2\/product"}],"about":[{"href":"https:\/\/dilea.be\/nl\/wp-json\/wp\/v2\/types\/product"}],"replies":[{"embeddable":true,"href":"https:\/\/dilea.be\/nl\/wp-json\/wp\/v2\/comments?post=8974"}],"wp:featuredmedia":[{"embeddable":true,"href":"https:\/\/dilea.be\/nl\/wp-json\/wp\/v2\/media\/29211"}],"wp:attachment":[{"href":"https:\/\/dilea.be\/nl\/wp-json\/wp\/v2\/media?parent=8974"}],"wp:term":[{"taxonomy":"product_brand","embeddable":true,"href":"https:\/\/dilea.be\/nl\/wp-json\/wp\/v2\/product_brand?post=8974"},{"taxonomy":"product_cat","embeddable":true,"href":"https:\/\/dilea.be\/nl\/wp-json\/wp\/v2\/product_cat?post=8974"},{"taxonomy":"product_tag","embeddable":true,"href":"https:\/\/dilea.be\/nl\/wp-json\/wp\/v2\/product_tag?post=8974"}],"curies":[{"name":"wp","href":"https:\/\/api.w.org\/{rel}","templated":true}]}}